{"id":2,"date":"2020-03-26T12:31:44","date_gmt":"2020-03-26T12:31:44","guid":{"rendered":"https:\/\/marionbrix.com\/?page_id=2"},"modified":"2026-04-02T10:16:08","modified_gmt":"2026-04-02T10:16:08","slug":"home","status":"publish","type":"page","link":"https:\/\/marionbrix.com\/","title":{"rendered":"Home"},"content":{"rendered":"<p>Marion Brix<br \/>\nsinger \u00b7 songwriter<br \/>\nSeit nunmehr 40 Jahren bereichere ich die Musikszene mit meiner Leidenschaft und meinem Talent. Auf verschiedensten B\u00fchnen begeistere ich das Publikum mit eigenen Kompositionen und Texten.  Dabei wird die Musik u.a. von Gr\u00f6\u00dfen wie Sheryl Crow, Patti Smith, Melissa Etheridge, Dido und Eiv\u00f8r P\u00e1lsd\u00f3ttir inspiriert.<\/p>\n<p>Mein musikalischer Werdegang f\u00fchrte mich durch verschiedene Bands, die alle auf ihre eigene Weise zur Vielfalt meiner musikalischen Entwicklung beigetragen haben. Angefangen bei Nine to Five, \u00fcber  ERDGESCHOSS  und Green Garden, bis hin zu Mary &#038; The Soundbreakers &#8211; hat jede dieser Formationen mir wertvolle Erfahrungen verschafft und meinen Horizont erweitert.<\/p>\n<p>F\u00fcr mich ist die B\u00fchne nicht einfach nur ein Ort, an dem ich meine Performance zeige; sie ist vielmehr eine Plattform, auf der ich meine Emotionen ausdr\u00fccken und eine Verbindung zum Publikum aufbauen kann, da die Musik und deren Texte aus den eigenen Lebenserfahrungen entstanden sind. Jeder Auftritt ist somit eine M\u00f6glichkeit, gemeinsam mit den Zuschauer*innen Momente der Begeisterung und der Musik zu erleben. <\/p>\n<p>Ich lade euch herzlich dazu ein, mich live zu erleben. Lasst uns zusammen eine unvergessliche musikalische Reise antreten und die Magie der Musik in vollen Z\u00fcgen genie\u00dfen!<\/p>\n","protected":false},"excerpt":{"rendered":"<p>Marion Brix singer \u00b7 songwriter Seit nunmehr 40 Jahren bereichere ich die Musikszene mit meiner Leidenschaft und meinem Talent. Auf verschiedensten B\u00fchnen begeistere ich das Publikum mit eigenen Kompositionen und Texten. Dabei wird die Musik u.a. von Gr\u00f6\u00dfen wie Sheryl Crow, Patti Smith, Melissa Etheridge, Dido und Eiv\u00f8r P\u00e1lsd\u00f3ttir inspiriert.<span class=\"excerpt-hellip\"> [\u2026]<\/span><\/p>\n","protected":false},"author":1,"featured_media":0,"parent":0,"menu_order":0,"comment_status":"open","ping_status":"open","template":"","meta":{"_monsterinsights_skip_tracking":false,"_monsterinsights_sitenote_active":false,"_monsterinsights_sitenote_note":"","_monsterinsights_sitenote_category":0,"footnotes":""},"yoast_head":"<!-- This site is optimized with the Yoast SEO plugin v22.2 - https:\/\/yoast.com\/wordpress\/plugins\/seo\/ -->\n<title>Marion Brix - Singer \u00b7 Songwriter<\/title>\n<meta name=\"description\" content=\"Marion Brix ist S\u00e4ngerin und Songwriterin, die auf verschiedensten B\u00fchnen das Publikum mit eigenen Kompositionen und Texten begeistert. %\" \/>\n<meta name=\"robots\" content=\"index, follow, max-snippet:-1, max-image-preview:large, max-video-preview:-1\" \/>\n<link rel=\"canonical\" href=\"https:\/\/marionbrix.com\/\" \/>\n<meta property=\"og:locale\" content=\"de_DE\" \/>\n<meta property=\"og:type\" content=\"article\" \/>\n<meta property=\"og:title\" content=\"Marion Brix - Singer \u00b7 Songwriter\" \/>\n<meta property=\"og:description\" content=\"Marion Brix ist S\u00e4ngerin und Songwriterin, die auf verschiedensten B\u00fchnen das Publikum mit eigenen Kompositionen und Texten begeistert. %\" \/>\n<meta property=\"og:url\" content=\"https:\/\/marionbrix.com\/\" \/>\n<meta property=\"og:site_name\" content=\"Marion Brix\" \/>\n<meta property=\"article:modified_time\" content=\"2026-04-02T10:16:08+00:00\" \/>\n<meta name=\"twitter:card\" content=\"summary_large_image\" \/>\n<script type=\"application\/ld+json\" class=\"yoast-schema-graph\">{\"@context\":\"https:\/\/schema.org\",\"@graph\":[{\"@type\":\"WebPage\",\"@id\":\"https:\/\/marionbrix.com\/\",\"url\":\"https:\/\/marionbrix.com\/\",\"name\":\"Marion Brix - Singer \u00b7 Songwriter\",\"isPartOf\":{\"@id\":\"https:\/\/marionbrix.com\/#website\"},\"datePublished\":\"2020-03-26T12:31:44+00:00\",\"dateModified\":\"2026-04-02T10:16:08+00:00\",\"description\":\"Marion Brix ist S\u00e4ngerin und Songwriterin, die auf verschiedensten B\u00fchnen das Publikum mit eigenen Kompositionen und Texten begeistert. %\",\"breadcrumb\":{\"@id\":\"https:\/\/marionbrix.com\/#breadcrumb\"},\"inLanguage\":\"de-DE\",\"potentialAction\":[{\"@type\":\"ReadAction\",\"target\":[\"https:\/\/marionbrix.com\/\"]}]},{\"@type\":\"BreadcrumbList\",\"@id\":\"https:\/\/marionbrix.com\/#breadcrumb\",\"itemListElement\":[{\"@type\":\"ListItem\",\"position\":1,\"name\":\"Startseite\",\"item\":\"https:\/\/marionbrix.com\/\"},{\"@type\":\"ListItem\",\"position\":2,\"name\":\"Home\"}]},{\"@type\":\"WebSite\",\"@id\":\"https:\/\/marionbrix.com\/#website\",\"url\":\"https:\/\/marionbrix.com\/\",\"name\":\"Marion Brix\",\"description\":\"Singer \u00b7 Songwriter\",\"publisher\":{\"@id\":\"https:\/\/marionbrix.com\/#\/schema\/person\/2b08ef7c13f84e3943e42c8cdd760c78\"},\"potentialAction\":[{\"@type\":\"SearchAction\",\"target\":{\"@type\":\"EntryPoint\",\"urlTemplate\":\"https:\/\/marionbrix.com\/?s={search_term_string}\"},\"query-input\":\"required name=search_term_string\"}],\"inLanguage\":\"de-DE\"},{\"@type\":[\"Person\",\"Organization\"],\"@id\":\"https:\/\/marionbrix.com\/#\/schema\/person\/2b08ef7c13f84e3943e42c8cdd760c78\",\"name\":\"Marion Brix\",\"image\":{\"@type\":\"ImageObject\",\"inLanguage\":\"de-DE\",\"@id\":\"https:\/\/marionbrix.com\/#\/schema\/person\/image\/\",\"url\":\"https:\/\/marionbrix.com\/wp-content\/uploads\/2024\/02\/Marion-Brix-Logo-550-x-206-px.png\",\"contentUrl\":\"https:\/\/marionbrix.com\/wp-content\/uploads\/2024\/02\/Marion-Brix-Logo-550-x-206-px.png\",\"width\":550,\"height\":206,\"caption\":\"Marion Brix\"},\"logo\":{\"@id\":\"https:\/\/marionbrix.com\/#\/schema\/person\/image\/\"},\"sameAs\":[\"https:\/\/marionbrix.com\",\"https:\/\/instagram.com\/marionbrix\"]}]}<\/script>\n<!-- \/ Yoast SEO plugin. -->","yoast_head_json":{"title":"Marion Brix - Singer \u00b7 Songwriter","description":"Marion Brix ist S\u00e4ngerin und Songwriterin, die auf verschiedensten B\u00fchnen das Publikum mit eigenen Kompositionen und Texten begeistert. %","robots":{"index":"index","follow":"follow","max-snippet":"max-snippet:-1","max-image-preview":"max-image-preview:large","max-video-preview":"max-video-preview:-1"},"canonical":"https:\/\/marionbrix.com\/","og_locale":"de_DE","og_type":"article","og_title":"Marion Brix - Singer \u00b7 Songwriter","og_description":"Marion Brix ist S\u00e4ngerin und Songwriterin, die auf verschiedensten B\u00fchnen das Publikum mit eigenen Kompositionen und Texten begeistert. %","og_url":"https:\/\/marionbrix.com\/","og_site_name":"Marion Brix","article_modified_time":"2026-04-02T10:16:08+00:00","twitter_card":"summary_large_image","schema":{"@context":"https:\/\/schema.org","@graph":[{"@type":"WebPage","@id":"https:\/\/marionbrix.com\/","url":"https:\/\/marionbrix.com\/","name":"Marion Brix - Singer \u00b7 Songwriter","isPartOf":{"@id":"https:\/\/marionbrix.com\/#website"},"datePublished":"2020-03-26T12:31:44+00:00","dateModified":"2026-04-02T10:16:08+00:00","description":"Marion Brix ist S\u00e4ngerin und Songwriterin, die auf verschiedensten B\u00fchnen das Publikum mit eigenen Kompositionen und Texten begeistert. %","breadcrumb":{"@id":"https:\/\/marionbrix.com\/#breadcrumb"},"inLanguage":"de-DE","potentialAction":[{"@type":"ReadAction","target":["https:\/\/marionbrix.com\/"]}]},{"@type":"BreadcrumbList","@id":"https:\/\/marionbrix.com\/#breadcrumb","itemListElement":[{"@type":"ListItem","position":1,"name":"Startseite","item":"https:\/\/marionbrix.com\/"},{"@type":"ListItem","position":2,"name":"Home"}]},{"@type":"WebSite","@id":"https:\/\/marionbrix.com\/#website","url":"https:\/\/marionbrix.com\/","name":"Marion Brix","description":"Singer \u00b7 Songwriter","publisher":{"@id":"https:\/\/marionbrix.com\/#\/schema\/person\/2b08ef7c13f84e3943e42c8cdd760c78"},"potentialAction":[{"@type":"SearchAction","target":{"@type":"EntryPoint","urlTemplate":"https:\/\/marionbrix.com\/?s={search_term_string}"},"query-input":"required name=search_term_string"}],"inLanguage":"de-DE"},{"@type":["Person","Organization"],"@id":"https:\/\/marionbrix.com\/#\/schema\/person\/2b08ef7c13f84e3943e42c8cdd760c78","name":"Marion Brix","image":{"@type":"ImageObject","inLanguage":"de-DE","@id":"https:\/\/marionbrix.com\/#\/schema\/person\/image\/","url":"https:\/\/marionbrix.com\/wp-content\/uploads\/2024\/02\/Marion-Brix-Logo-550-x-206-px.png","contentUrl":"https:\/\/marionbrix.com\/wp-content\/uploads\/2024\/02\/Marion-Brix-Logo-550-x-206-px.png","width":550,"height":206,"caption":"Marion Brix"},"logo":{"@id":"https:\/\/marionbrix.com\/#\/schema\/person\/image\/"},"sameAs":["https:\/\/marionbrix.com","https:\/\/instagram.com\/marionbrix"]}]}},"_links":{"self":[{"href":"https:\/\/marionbrix.com\/index.php?rest_route=\/wp\/v2\/pages\/2"}],"collection":[{"href":"https:\/\/marionbrix.com\/index.php?rest_route=\/wp\/v2\/pages"}],"about":[{"href":"https:\/\/marionbrix.com\/index.php?rest_route=\/wp\/v2\/types\/page"}],"author":[{"embeddable":true,"href":"https:\/\/marionbrix.com\/index.php?rest_route=\/wp\/v2\/users\/1"}],"replies":[{"embeddable":true,"href":"https:\/\/marionbrix.com\/index.php?rest_route=%2Fwp%2Fv2%2Fcomments&post=2"}],"version-history":[{"count":2,"href":"https:\/\/marionbrix.com\/index.php?rest_route=\/wp\/v2\/pages\/2\/revisions"}],"predecessor-version":[{"id":236,"href":"https:\/\/marionbrix.com\/index.php?rest_route=\/wp\/v2\/pages\/2\/revisions\/236"}],"wp:attachment":[{"href":"https:\/\/marionbrix.com\/index.php?rest_route=%2Fwp%2Fv2%2Fmedia&parent=2"}],"curies":[{"name":"wp","href":"https:\/\/api.w.org\/{rel}","templated":true}]}}